{"id":15,"date":"2025-05-26T11:34:18","date_gmt":"2025-05-26T11:34:18","guid":{"rendered":"https:\/\/gozkoetxe.rkinformatika.online\/?page_id=15"},"modified":"2026-01-30T21:57:12","modified_gmt":"2026-01-30T21:57:12","slug":"contacto","status":"publish","type":"page","link":"https:\/\/gozkoetxe.com\/eu\/contacto\/","title":{"rendered":"Kontaktua"},"content":{"rendered":"<div data-elementor-type=\"wp-page\" data-elementor-id=\"15\" class=\"elementor elementor-15\" data-elementor-post-type=\"page\">\n\t\t\t\t\t\t<section class=\"elementor-section elementor-top-section elementor-element elementor-element-09bfd44 elementor-section-content-middle envato-kit-141 elementor-section-boxed elementor-section-height-default elementor-section-height-default\" data-id=\"09bfd44\" data-element_type=\"section\" data-e-type=\"section\" data-settings=\"{&quot;background_background&quot;:&quot;classic&quot;}\">\n\t\t\t\t\t\t\t<div class=\"elementor-background-overlay\"><\/div>\n\t\t\t\t\t\t\t<div class=\"elementor-container elementor-column-gap-wide\">\n\t\t\t\t\t<div class=\"elementor-column elementor-col-100 elementor-top-column elementor-element elementor-element-c250250\" data-id=\"c250250\" data-element_type=\"column\" data-e-type=\"column\">\n\t\t\t<div class=\"elementor-widget-wrap elementor-element-populated\">\n\t\t\t\t\t\t<div class=\"elementor-element elementor-element-b0e766f elementor-invisible elementor-widget elementor-widget-heading\" data-id=\"b0e766f\" data-element_type=\"widget\" data-e-type=\"widget\" data-settings=\"{&quot;_animation&quot;:&quot;fadeIn&quot;,&quot;_animation_delay&quot;:50}\" data-widget_type=\"heading.default\">\n\t\t\t\t<div class=\"elementor-widget-container\">\n\t\t\t\t\t<h2 class=\"elementor-heading-title elementor-size-default\">Kontaktua<\/h2>\t\t\t\t<\/div>\n\t\t\t\t<\/div>\n\t\t\t\t<div class=\"elementor-element elementor-element-85368de elementor-invisible elementor-widget elementor-widget-heading\" data-id=\"85368de\" data-element_type=\"widget\" data-e-type=\"widget\" data-settings=\"{&quot;_animation&quot;:&quot;fadeIn&quot;,&quot;_animation_delay&quot;:100}\" data-widget_type=\"heading.default\">\n\t\t\t\t<div class=\"elementor-widget-container\">\n\t\t\t\t\t<h2 class=\"elementor-heading-title elementor-size-default\">C\u00f3mo Encontrarnos\n<\/h2>\t\t\t\t<\/div>\n\t\t\t\t<\/div>\n\t\t\t\t\t<\/div>\n\t\t<\/div>\n\t\t\t\t\t<\/div>\n\t\t<\/section>\n\t\t<div class=\"elementor-element elementor-element-4a9fd56 e-flex e-con-boxed e-con e-parent\" data-id=\"4a9fd56\" data-element_type=\"container\" data-e-type=\"container\">\n\t\t\t\t\t<div class=\"e-con-inner\">\n\t\t<div class=\"elementor-element elementor-element-3790ed2 e-con-full e-flex e-con e-child\" data-id=\"3790ed2\" data-element_type=\"container\" data-e-type=\"container\" data-settings=\"{&quot;background_background&quot;:&quot;classic&quot;}\">\n\t\t\t\t<div class=\"elementor-element elementor-element-85d737c elementor-widget elementor-widget-heading\" data-id=\"85d737c\" data-element_type=\"widget\" data-e-type=\"widget\" data-widget_type=\"heading.default\">\n\t\t\t\t<div class=\"elementor-widget-container\">\n\t\t\t\t\t<h2 class=\"elementor-heading-title elementor-size-default\">Cont\u00e1ctanos<\/h2>\t\t\t\t<\/div>\n\t\t\t\t<\/div>\n\t\t\t\t<div class=\"elementor-element elementor-element-a65b94b elementor-widget elementor-widget-spacer\" data-id=\"a65b94b\" data-element_type=\"widget\" data-e-type=\"widget\" data-widget_type=\"spacer.default\">\n\t\t\t\t<div class=\"elementor-widget-container\">\n\t\t\t\t\t\t\t<div class=\"elementor-spacer\">\n\t\t\t<div class=\"elementor-spacer-inner\"><\/div>\n\t\t<\/div>\n\t\t\t\t\t\t<\/div>\n\t\t\t\t<\/div>\n\t\t\t\t<div class=\"elementor-element elementor-element-4f24b6b elementor-widget__width-initial elementor-widget elementor-widget-text-editor\" data-id=\"4f24b6b\" data-element_type=\"widget\" data-e-type=\"widget\" data-widget_type=\"text-editor.default\">\n\t\t\t\t<div class=\"elementor-widget-container\">\n\t\t\t\t\t\t\t\t\t<p>Cont\u00e1ctanos para obtener ayuda o hacer comentarios. Nuestro equipo est\u00e1 dedicado a mejorar tu experiencia.<\/p>\t\t\t\t\t\t\t\t<\/div>\n\t\t\t\t<\/div>\n\t\t\t\t<div class=\"elementor-element elementor-element-a160b83 elementor-widget elementor-widget-spacer\" data-id=\"a160b83\" data-element_type=\"widget\" data-e-type=\"widget\" data-widget_type=\"spacer.default\">\n\t\t\t\t<div class=\"elementor-widget-container\">\n\t\t\t\t\t\t\t<div class=\"elementor-spacer\">\n\t\t\t<div class=\"elementor-spacer-inner\"><\/div>\n\t\t<\/div>\n\t\t\t\t\t\t<\/div>\n\t\t\t\t<\/div>\n\t\t<div class=\"elementor-element elementor-element-25bd4c9 e-con-full e-flex e-con e-child\" data-id=\"25bd4c9\" data-element_type=\"container\" data-e-type=\"container\">\n\t\t\t\t<div class=\"elementor-element elementor-element-a77723e elementor-widget__width-initial elementor-view-default elementor-widget elementor-widget-icon\" data-id=\"a77723e\" data-element_type=\"widget\" data-e-type=\"widget\" data-widget_type=\"icon.default\">\n\t\t\t\t<div class=\"elementor-widget-container\">\n\t\t\t\t\t\t\t<div class=\"elementor-icon-wrapper\">\n\t\t\t<a class=\"elementor-icon\" href=\"https:\/\/www.google.com\/maps\/dir\/\/Goskoetxe+Bidea,+1,+48180+Loiu,+Bizkaia\/@43.3297185,-2.988552,12z\/data=!4m8!4m7!1m0!1m5!1m1!1s0xd4e4559d5e2fc89:0xcd76c7b4487b6af1!2m2!1d-2.9061513!2d43.3297481?entry=ttu&#038;g_ep=EgoyMDI1MTAxNC4wIKXMDSoASAFQAw%3D%3D\" target=\"_blank\">\n\t\t\t<svg aria-hidden=\"true\" class=\"e-font-icon-svg e-fas-map-marker-alt\" viewbox=\"0 0 384 512\" xmlns=\"http:\/\/www.w3.org\/2000\/svg\"><path d=\"M172.268 501.67C26.97 291.031 0 269.413 0 192 0 85.961 85.961 0 192 0s192 85.961 192 192c0 77.413-26.97 99.031-172.268 309.67-9.535 13.774-29.93 13.773-39.464 0zM192 272c44.183 0 80-35.817 80-80s-35.817-80-80-80-80 35.817-80 80 35.817 80 80 80z\"><\/path><\/svg>\t\t\t<\/a>\n\t\t<\/div>\n\t\t\t\t\t\t<\/div>\n\t\t\t\t<\/div>\n\t\t\t\t<div class=\"elementor-element elementor-element-c4b3a16 elementor-widget__width-initial elementor-widget elementor-widget-heading\" data-id=\"c4b3a16\" data-element_type=\"widget\" data-e-type=\"widget\" data-widget_type=\"heading.default\">\n\t\t\t\t<div class=\"elementor-widget-container\">\n\t\t\t\t\t<h4 class=\"elementor-heading-title elementor-size-default\">Goskoetxe Bidea, 1, 48180 Loiu, Bizkaia<\/h4>\t\t\t\t<\/div>\n\t\t\t\t<\/div>\n\t\t\t\t<div class=\"elementor-element elementor-element-7b4aa71 elementor-widget__width-initial elementor-view-default elementor-widget elementor-widget-icon\" data-id=\"7b4aa71\" data-element_type=\"widget\" data-e-type=\"widget\" data-widget_type=\"icon.default\">\n\t\t\t\t<div class=\"elementor-widget-container\">\n\t\t\t\t\t\t\t<div class=\"elementor-icon-wrapper\">\n\t\t\t<a class=\"elementor-icon\" href=\"mailto:%20correo\" target=\"_blank\">\n\t\t\t<svg aria-hidden=\"true\" class=\"e-font-icon-svg e-far-envelope\" viewbox=\"0 0 512 512\" xmlns=\"http:\/\/www.w3.org\/2000\/svg\"><path d=\"M464 64H48C21.49 64 0 85.49 0 112v288c0 26.51 21.49 48 48 48h416c26.51 0 48-21.49 48-48V112c0-26.51-21.49-48-48-48zm0 48v40.805c-22.422 18.259-58.168 46.651-134.587 106.49-16.841 13.247-50.201 45.072-73.413 44.701-23.208.375-56.579-31.459-73.413-44.701C106.18 199.465 70.425 171.067 48 152.805V112h416zM48 400V214.398c22.914 18.251 55.409 43.862 104.938 82.646 21.857 17.205 60.134 55.186 103.062 54.955 42.717.231 80.509-37.199 103.053-54.947 49.528-38.783 82.032-64.401 104.947-82.653V400H48z\"><\/path><\/svg>\t\t\t<\/a>\n\t\t<\/div>\n\t\t\t\t\t\t<\/div>\n\t\t\t\t<\/div>\n\t\t\t\t<div class=\"elementor-element elementor-element-9dbb1dc elementor-widget__width-initial elementor-widget elementor-widget-heading\" data-id=\"9dbb1dc\" data-element_type=\"widget\" data-e-type=\"widget\" data-widget_type=\"heading.default\">\n\t\t\t\t<div class=\"elementor-widget-container\">\n\t\t\t\t\t<h4 class=\"elementor-heading-title elementor-size-default\">gozkoetxe@yahoo.com<\/h4>\t\t\t\t<\/div>\n\t\t\t\t<\/div>\n\t\t\t\t<div class=\"elementor-element elementor-element-9c7961c elementor-widget__width-initial elementor-view-default elementor-widget elementor-widget-icon\" data-id=\"9c7961c\" data-element_type=\"widget\" data-e-type=\"widget\" data-widget_type=\"icon.default\">\n\t\t\t\t<div class=\"elementor-widget-container\">\n\t\t\t\t\t\t\t<div class=\"elementor-icon-wrapper\">\n\t\t\t<div class=\"elementor-icon\">\n\t\t\t<svg aria-hidden=\"true\" class=\"e-font-icon-svg e-far-clock\" viewbox=\"0 0 512 512\" xmlns=\"http:\/\/www.w3.org\/2000\/svg\"><path d=\"M256 8C119 8 8 119 8 256s111 248 248 248 248-111 248-248S393 8 256 8zm0 448c-110.5 0-200-89.5-200-200S145.5 56 256 56s200 89.5 200 200-89.5 200-200 200zm61.8-104.4l-84.9-61.7c-3.1-2.3-4.9-5.9-4.9-9.7V116c0-6.6 5.4-12 12-12h32c6.6 0 12 5.4 12 12v141.7l66.8 48.6c5.4 3.9 6.5 11.4 2.6 16.8L334.6 349c-3.9 5.3-11.4 6.5-16.8 2.6z\"><\/path><\/svg>\t\t\t<\/div>\n\t\t<\/div>\n\t\t\t\t\t\t<\/div>\n\t\t\t\t<\/div>\n\t\t\t\t<div class=\"elementor-element elementor-element-c99e9eb elementor-widget__width-initial elementor-widget elementor-widget-heading\" data-id=\"c99e9eb\" data-element_type=\"widget\" data-e-type=\"widget\" data-widget_type=\"heading.default\">\n\t\t\t\t<div class=\"elementor-widget-container\">\n\t\t\t\t\t<h4 class=\"elementor-heading-title elementor-size-default\">Lunes, mi\u00e9rcoles y jueves : 11h a 19:30h (cocina abierta hasta las 18h) <br><br>\nMartes : cerrado por descanso <br><br>\nViernes: 11 a 23:30h (cocina abierta hasta las 21:45) <br><br>\nS\u00e1bado: 10 a 23:30h (cocina abierta hasta las 21:45) <br><br>\nDomingo: 10 a 20h (cocina abierta hasta las 17:30h) <br><br>\nCocina abierta ininterrumpidamente dentro del horario establecido . <\/h4>\t\t\t\t<\/div>\n\t\t\t\t<\/div>\n\t\t\t\t<div class=\"elementor-element elementor-element-2c92f74 elementor-widget__width-initial elementor-view-default elementor-widget elementor-widget-icon\" data-id=\"2c92f74\" data-element_type=\"widget\" data-e-type=\"widget\" data-widget_type=\"icon.default\">\n\t\t\t\t<div class=\"elementor-widget-container\">\n\t\t\t\t\t\t\t<div class=\"elementor-icon-wrapper\">\n\t\t\t<a class=\"elementor-icon\" href=\"tel:%20000%20000%20000\" target=\"_blank\">\n\t\t\t<svg aria-hidden=\"true\" class=\"e-font-icon-svg e-fas-phone-alt\" viewbox=\"0 0 512 512\" xmlns=\"http:\/\/www.w3.org\/2000\/svg\"><path d=\"M497.39 361.8l-112-48a24 24 0 0 0-28 6.9l-49.6 60.6A370.66 370.66 0 0 1 130.6 204.11l60.6-49.6a23.94 23.94 0 0 0 6.9-28l-48-112A24.16 24.16 0 0 0 122.6.61l-104 24A24 24 0 0 0 0 48c0 256.5 207.9 464 464 464a24 24 0 0 0 23.4-18.6l24-104a24.29 24.29 0 0 0-14.01-27.6z\"><\/path><\/svg>\t\t\t<\/a>\n\t\t<\/div>\n\t\t\t\t\t\t<\/div>\n\t\t\t\t<\/div>\n\t\t\t\t<div class=\"elementor-element elementor-element-544bf85 elementor-widget__width-initial elementor-widget elementor-widget-heading\" data-id=\"544bf85\" data-element_type=\"widget\" data-e-type=\"widget\" data-widget_type=\"heading.default\">\n\t\t\t\t<div class=\"elementor-widget-container\">\n\t\t\t\t\t<h4 class=\"elementor-heading-title elementor-size-default\"><a href=\"tel:%20946%20673%20647\">946 673 647<\/a><\/h4>\t\t\t\t<\/div>\n\t\t\t\t<\/div>\n\t\t\t\t<\/div>\n\t\t\t\t<div class=\"elementor-element elementor-element-c21fc55 elementor-widget elementor-widget-spacer\" data-id=\"c21fc55\" data-element_type=\"widget\" data-e-type=\"widget\" data-widget_type=\"spacer.default\">\n\t\t\t\t<div class=\"elementor-widget-container\">\n\t\t\t\t\t\t\t<div class=\"elementor-spacer\">\n\t\t\t<div class=\"elementor-spacer-inner\"><\/div>\n\t\t<\/div>\n\t\t\t\t\t\t<\/div>\n\t\t\t\t<\/div>\n\t\t\t\t<\/div>\n\t\t<div class=\"elementor-element elementor-element-e57dcd3 e-con-full e-flex e-con e-child\" data-id=\"e57dcd3\" data-element_type=\"container\" data-e-type=\"container\" data-settings=\"{&quot;background_background&quot;:&quot;classic&quot;}\">\n\t\t\t\t<div class=\"elementor-element elementor-element-8822393 elementor-invisible elementor-widget elementor-widget-heading\" data-id=\"8822393\" data-element_type=\"widget\" data-e-type=\"widget\" data-settings=\"{&quot;_animation&quot;:&quot;fadeIn&quot;,&quot;_animation_delay&quot;:100}\" data-widget_type=\"heading.default\">\n\t\t\t\t<div class=\"elementor-widget-container\">\n\t\t\t\t\t<h2 class=\"elementor-heading-title elementor-size-default\">Para reservas \u00fanicamente por tel\u00e9fono\n<\/h2>\t\t\t\t<\/div>\n\t\t\t\t<\/div>\n\t\t\t\t<div class=\"elementor-element elementor-element-e1cd8aa elementor-align-center elementor-widget__width-initial elementor-widget elementor-widget-button\" data-id=\"e1cd8aa\" data-element_type=\"widget\" data-e-type=\"widget\" data-widget_type=\"button.default\">\n\t\t\t\t<div class=\"elementor-widget-container\">\n\t\t\t\t\t\t\t\t\t<div class=\"elementor-button-wrapper\">\n\t\t\t\t\t<a class=\"elementor-button elementor-button-link elementor-size-sm\" href=\"tel:%20946%20673%20647\">\n\t\t\t\t\t\t<span class=\"elementor-button-content-wrapper\">\n\t\t\t\t\t\t\t\t\t<span class=\"elementor-button-text\">Hacer Reserva<br>946 673 647<\/span>\n\t\t\t\t\t<\/span>\n\t\t\t\t\t<\/a>\n\t\t\t\t<\/div>\n\t\t\t\t\t\t\t\t<\/div>\n\t\t\t\t<\/div>\n\t\t\t\t<div class=\"elementor-element elementor-element-3237926 elementor-widget elementor-widget-google_maps\" data-id=\"3237926\" data-element_type=\"widget\" data-e-type=\"widget\" data-widget_type=\"google_maps.default\">\n\t\t\t\t<div class=\"elementor-widget-container\">\n\t\t\t\t\t\t\t<div class=\"elementor-custom-embed\">\n\t\t\t<iframe loading=\"lazy\"\n\t\t\t\t\tsrc=\"https:\/\/maps.google.com\/maps?q=gozkoetxe%20jatetxea&#038;t=m&#038;z=11&#038;output=embed&#038;iwloc=near\"\n\t\t\t\t\ttitle=\"gozkoetxe jatetxea\"\n\t\t\t\t\taria-label=\"gozkoetxe jatetxea\"\n\t\t\t><\/iframe>\n\t\t<\/div>\n\t\t\t\t\t\t<\/div>\n\t\t\t\t<\/div>\n\t\t\t\t<\/div>\n\t\t\t\t\t<\/div>\n\t\t\t\t<\/div>\n\t\t\t\t<\/div>","protected":false},"excerpt":{"rendered":"<p>Contacto C\u00f3mo Encontrarnos Cont\u00e1ctanos Cont\u00e1ctanos para obtener ayuda o hacer comentarios. Nuestro equipo est\u00e1 dedicado a mejorar tu experiencia. Goskoetxe Bidea, 1, 48180 Loiu, Bizkaia gozkoetxe@yahoo.com Lunes, mi\u00e9rcoles y jueves : 11h a 19:30h (cocina abierta hasta las 18h) Martes : cerrado por descanso Viernes: 11 a 23:30h (cocina abierta hasta las 21:45) S\u00e1bado: 10 [&hellip;]<\/p>\n","protected":false},"author":1,"featured_media":0,"parent":0,"menu_order":0,"comment_status":"closed","ping_status":"closed","template":"","meta":{"footnotes":""},"class_list":["post-15","page","type-page","status-publish","hentry"],"yoast_head":"<!-- This site is optimized with the Yoast SEO plugin v27.3 - https:\/\/yoast.com\/product\/yoast-seo-wordpress\/ -->\n<title>Contacto - Gozkoetxe Jatetxea<\/title>\n<meta name=\"robots\" content=\"index, follow, max-snippet:-1, max-image-preview:large, max-video-preview:-1\" \/>\n<link rel=\"canonical\" href=\"https:\/\/gozkoetxe.com\/eu\/contacto\/\" \/>\n<meta property=\"og:locale\" content=\"en_US\" \/>\n<meta property=\"og:type\" content=\"article\" \/>\n<meta property=\"og:title\" content=\"Contacto - Gozkoetxe Jatetxea\" \/>\n<meta property=\"og:description\" content=\"Contacto C\u00f3mo Encontrarnos Cont\u00e1ctanos Cont\u00e1ctanos para obtener ayuda o hacer comentarios. Nuestro equipo est\u00e1 dedicado a mejorar tu experiencia. Goskoetxe Bidea, 1, 48180 Loiu, Bizkaia gozkoetxe@yahoo.com Lunes, mi\u00e9rcoles y jueves : 11h a 19:30h (cocina abierta hasta las 18h) Martes : cerrado por descanso Viernes: 11 a 23:30h (cocina abierta hasta las 21:45) S\u00e1bado: 10 [&hellip;]\" \/>\n<meta property=\"og:url\" content=\"https:\/\/gozkoetxe.com\/eu\/contacto\/\" \/>\n<meta property=\"og:site_name\" content=\"Gozkoetxe Jatetxea\" \/>\n<meta property=\"article:modified_time\" content=\"2026-01-30T21:57:12+00:00\" \/>\n<meta name=\"twitter:card\" content=\"summary_large_image\" \/>\n<meta name=\"twitter:label1\" content=\"Est. reading time\" \/>\n\t<meta name=\"twitter:data1\" content=\"1 minutua\" \/>\n<script type=\"application\/ld+json\" class=\"yoast-schema-graph\">{\"@context\":\"https:\\\/\\\/schema.org\",\"@graph\":[{\"@type\":\"WebPage\",\"@id\":\"https:\\\/\\\/gozkoetxe.com\\\/contacto\\\/\",\"url\":\"https:\\\/\\\/gozkoetxe.com\\\/contacto\\\/\",\"name\":\"Contacto - Gozkoetxe Jatetxea\",\"isPartOf\":{\"@id\":\"https:\\\/\\\/gozkoetxe.com\\\/#website\"},\"datePublished\":\"2025-05-26T11:34:18+00:00\",\"dateModified\":\"2026-01-30T21:57:12+00:00\",\"breadcrumb\":{\"@id\":\"https:\\\/\\\/gozkoetxe.com\\\/contacto\\\/#breadcrumb\"},\"inLanguage\":\"eu\",\"potentialAction\":[{\"@type\":\"ReadAction\",\"target\":[\"https:\\\/\\\/gozkoetxe.com\\\/contacto\\\/\"]}]},{\"@type\":\"BreadcrumbList\",\"@id\":\"https:\\\/\\\/gozkoetxe.com\\\/contacto\\\/#breadcrumb\",\"itemListElement\":[{\"@type\":\"ListItem\",\"position\":1,\"name\":\"Portada\",\"item\":\"https:\\\/\\\/gozkoetxe.com\\\/\"},{\"@type\":\"ListItem\",\"position\":2,\"name\":\"Contacto\"}]},{\"@type\":\"WebSite\",\"@id\":\"https:\\\/\\\/gozkoetxe.com\\\/#website\",\"url\":\"https:\\\/\\\/gozkoetxe.com\\\/\",\"name\":\"Gozkoetxe Jatetxea\",\"description\":\"\",\"publisher\":{\"@id\":\"https:\\\/\\\/gozkoetxe.com\\\/#organization\"},\"potentialAction\":[{\"@type\":\"SearchAction\",\"target\":{\"@type\":\"EntryPoint\",\"urlTemplate\":\"https:\\\/\\\/gozkoetxe.com\\\/?s={search_term_string}\"},\"query-input\":{\"@type\":\"PropertyValueSpecification\",\"valueRequired\":true,\"valueName\":\"search_term_string\"}}],\"inLanguage\":\"eu\"},{\"@type\":\"Organization\",\"@id\":\"https:\\\/\\\/gozkoetxe.com\\\/#organization\",\"name\":\"Gozkoetxe Jatetxea\",\"url\":\"https:\\\/\\\/gozkoetxe.com\\\/\",\"logo\":{\"@type\":\"ImageObject\",\"inLanguage\":\"eu\",\"@id\":\"https:\\\/\\\/gozkoetxe.com\\\/#\\\/schema\\\/logo\\\/image\\\/\",\"url\":\"https:\\\/\\\/gozkoetxe.com\\\/wp-content\\\/uploads\\\/2025\\\/05\\\/cropped-IMG_6254-removebg-preview-Ander-Lopez-Iriarte.png\",\"contentUrl\":\"https:\\\/\\\/gozkoetxe.com\\\/wp-content\\\/uploads\\\/2025\\\/05\\\/cropped-IMG_6254-removebg-preview-Ander-Lopez-Iriarte.png\",\"width\":385,\"height\":227,\"caption\":\"Gozkoetxe Jatetxea \"},\"image\":{\"@id\":\"https:\\\/\\\/gozkoetxe.com\\\/#\\\/schema\\\/logo\\\/image\\\/\"}}]}<\/script>\n<!-- \/ Yoast SEO plugin. -->","yoast_head_json":{"title":"Contacto - Gozkoetxe Jatetxea","robots":{"index":"index","follow":"follow","max-snippet":"max-snippet:-1","max-image-preview":"max-image-preview:large","max-video-preview":"max-video-preview:-1"},"canonical":"https:\/\/gozkoetxe.com\/eu\/contacto\/","og_locale":"en_US","og_type":"article","og_title":"Contacto - Gozkoetxe Jatetxea","og_description":"Contacto C\u00f3mo Encontrarnos Cont\u00e1ctanos Cont\u00e1ctanos para obtener ayuda o hacer comentarios. Nuestro equipo est\u00e1 dedicado a mejorar tu experiencia. Goskoetxe Bidea, 1, 48180 Loiu, Bizkaia gozkoetxe@yahoo.com Lunes, mi\u00e9rcoles y jueves : 11h a 19:30h (cocina abierta hasta las 18h) Martes : cerrado por descanso Viernes: 11 a 23:30h (cocina abierta hasta las 21:45) S\u00e1bado: 10 [&hellip;]","og_url":"https:\/\/gozkoetxe.com\/eu\/contacto\/","og_site_name":"Gozkoetxe Jatetxea","article_modified_time":"2026-01-30T21:57:12+00:00","twitter_card":"summary_large_image","twitter_misc":{"Est. reading time":"1 minutua"},"schema":{"@context":"https:\/\/schema.org","@graph":[{"@type":"WebPage","@id":"https:\/\/gozkoetxe.com\/contacto\/","url":"https:\/\/gozkoetxe.com\/contacto\/","name":"Contacto - Gozkoetxe Jatetxea","isPartOf":{"@id":"https:\/\/gozkoetxe.com\/#website"},"datePublished":"2025-05-26T11:34:18+00:00","dateModified":"2026-01-30T21:57:12+00:00","breadcrumb":{"@id":"https:\/\/gozkoetxe.com\/contacto\/#breadcrumb"},"inLanguage":"eu","potentialAction":[{"@type":"ReadAction","target":["https:\/\/gozkoetxe.com\/contacto\/"]}]},{"@type":"BreadcrumbList","@id":"https:\/\/gozkoetxe.com\/contacto\/#breadcrumb","itemListElement":[{"@type":"ListItem","position":1,"name":"Portada","item":"https:\/\/gozkoetxe.com\/"},{"@type":"ListItem","position":2,"name":"Contacto"}]},{"@type":"WebSite","@id":"https:\/\/gozkoetxe.com\/#website","url":"https:\/\/gozkoetxe.com\/","name":"Gozkoetxe Jatetxea","description":"","publisher":{"@id":"https:\/\/gozkoetxe.com\/#organization"},"potentialAction":[{"@type":"SearchAction","target":{"@type":"EntryPoint","urlTemplate":"https:\/\/gozkoetxe.com\/?s={search_term_string}"},"query-input":{"@type":"PropertyValueSpecification","valueRequired":true,"valueName":"search_term_string"}}],"inLanguage":"eu"},{"@type":"Organization","@id":"https:\/\/gozkoetxe.com\/#organization","name":"Gozkoetxe Jatetxea","url":"https:\/\/gozkoetxe.com\/","logo":{"@type":"ImageObject","inLanguage":"eu","@id":"https:\/\/gozkoetxe.com\/#\/schema\/logo\/image\/","url":"https:\/\/gozkoetxe.com\/wp-content\/uploads\/2025\/05\/cropped-IMG_6254-removebg-preview-Ander-Lopez-Iriarte.png","contentUrl":"https:\/\/gozkoetxe.com\/wp-content\/uploads\/2025\/05\/cropped-IMG_6254-removebg-preview-Ander-Lopez-Iriarte.png","width":385,"height":227,"caption":"Gozkoetxe Jatetxea "},"image":{"@id":"https:\/\/gozkoetxe.com\/#\/schema\/logo\/image\/"}}]}},"_links":{"self":[{"href":"https:\/\/gozkoetxe.com\/eu\/wp-json\/wp\/v2\/pages\/15","targetHints":{"allow":["GET"]}}],"collection":[{"href":"https:\/\/gozkoetxe.com\/eu\/wp-json\/wp\/v2\/pages"}],"about":[{"href":"https:\/\/gozkoetxe.com\/eu\/wp-json\/wp\/v2\/types\/page"}],"author":[{"embeddable":true,"href":"https:\/\/gozkoetxe.com\/eu\/wp-json\/wp\/v2\/users\/1"}],"replies":[{"embeddable":true,"href":"https:\/\/gozkoetxe.com\/eu\/wp-json\/wp\/v2\/comments?post=15"}],"version-history":[{"count":67,"href":"https:\/\/gozkoetxe.com\/eu\/wp-json\/wp\/v2\/pages\/15\/revisions"}],"predecessor-version":[{"id":1071,"href":"https:\/\/gozkoetxe.com\/eu\/wp-json\/wp\/v2\/pages\/15\/revisions\/1071"}],"wp:attachment":[{"href":"https:\/\/gozkoetxe.com\/eu\/wp-json\/wp\/v2\/media?parent=15"}],"curies":[{"name":"wp","href":"https:\/\/api.w.org\/{rel}","templated":true}]}}